{"id":164,"date":"2026-02-13T22:54:09","date_gmt":"2026-02-13T22:54:09","guid":{"rendered":"https:\/\/propave.ca\/?page_id=164"},"modified":"2026-03-26T15:53:33","modified_gmt":"2026-03-26T15:53:33","slug":"blog","status":"publish","type":"page","link":"https:\/\/propave.ca\/fr\/blog\/","title":{"rendered":"Blog"},"content":{"rendered":"\t\t<div data-elementor-type=\"wp-page\" data-elementor-id=\"164\" class=\"elementor elementor-164\" data-elementor-post-type=\"page\">\n\t\t\t\t<div class=\"elementor-element elementor-element-69ef1a7 e-flex e-con-boxed e-con e-parent\" data-id=\"69ef1a7\" data-element_type=\"container\" data-e-type=\"container\" data-settings=\"{&quot;background_background&quot;:&quot;classic&quot;}\">\n\t\t\t\t\t<div class=\"e-con-inner\">\n\t\t\t\t<div class=\"elementor-element elementor-element-fd43936 elementor-invisible elementor-widget elementor-widget-heading\" data-id=\"fd43936\" data-element_type=\"widget\" data-e-type=\"widget\" data-settings=\"{&quot;_animation&quot;:&quot;fadeInUp&quot;}\" data-widget_type=\"heading.default\">\n\t\t\t\t\t<h2 class=\"elementor-heading-title elementor-size-default\">Blog\n<\/h2>\t\t\t\t<\/div>\n\t\t\t\t<div class=\"elementor-element elementor-element-5eca796 elementor-widget__width-initial elementor-widget-mobile__width-inherit elementor-widget elementor-widget-text-editor\" data-id=\"5eca796\" data-element_type=\"widget\" data-e-type=\"widget\" data-widget_type=\"text-editor.default\">\n\t\t\t\t\t\t\t\t\t<p class=\"text-lg md:text-xl text-primary-foreground\/80 max-w-2xl mx-auto\">Conseils, tendances et actualit\u00e9s en am\u00e9nagement ext\u00e9rieur<\/p>\t\t\t\t\t\t\t\t<\/div>\n\t\t\t\t\t<\/div>\n\t\t\t\t<\/div>\n\t\t<div class=\"elementor-element elementor-element-5ab6c87 e-flex e-con-boxed e-con e-parent\" data-id=\"5ab6c87\" data-element_type=\"container\" data-e-type=\"container\">\n\t\t\t\t\t<div class=\"e-con-inner\">\n\t\t\t\t<div class=\"elementor-element elementor-element-e22e4eb elementor-widget elementor-widget-elementskit-blog-posts\" data-id=\"e22e4eb\" data-element_type=\"widget\" data-e-type=\"widget\" data-widget_type=\"elementskit-blog-posts.default\">\n\t\t\t\t\t<div class=\"ekit-wid-con\" >        <div id=\"post-items--e22e4eb\" class=\"row post-items\">\n                    <div class=\"col-md-12\">\n\n                                    <div class=\"elementskit-blog-block-post\">\n                        <div class=\"row no-gutters\">\n                            \n                            <div class=\"col-md-12 order-2\">\n                                <div class=\"elementskit-post-body \">\n                                    <div class=\"elementskit-entry-header\">\n                                        \n                                                                                            \t\t\t\t\t                                            \n                                            \n                                                                                            \t\t\t\t<h2 class=\"entry-title\">\n\t\t\t\t\t<a href=\"https:\/\/propave.ca\/fr\/les-5-erreurs-a-eviter-lors-de-linstallation-de-pave-uni-residentiel-a-laval\/\">\n\t\t\t\t\t\tLes 5 erreurs \u00e0 \u00e9viter lors de l\u2019installation de pav\u00e9 uni r\u00e9sidentiel \u00e0 Laval\t\t\t\t\t<\/a>\n\t\t\t\t<\/h2>\n\t\t\t                                                                                <\/div><!-- .elementskit-entry-header END -->\n\n                                                                            <div class=\"elementskit-post-footer\">\n                                                                                            <p>Les 5 erreurs \u00e0 \u00e9viter lors de l\u2019installation de pav\u00e9 uni r\u00e9sidentiel \u00e0 Laval Installer un pav\u00e9 uni r\u00e9sidentiel \u00e0 Laval peut transformer votre all\u00e9e, terrasse ou patio, mais certaines erreurs peuvent compromettre la durabilit\u00e9 et l\u2019esth\u00e9tique de votre projet. Dans ce guide, d\u00e9couvrez les 5 erreurs les plus fr\u00e9quentes et comment les \u00e9viter pour [&hellip;]<\/p>\n                                                                                                                                <\/div><!-- .elementskit-post-footer END -->\n                                                                    <\/div><!-- .elementskit-post-body END -->\n                            <\/div>\n                        <\/div>\n                    <\/div><!-- .elementskit-blog-block-post .radius .gradient-bg END -->\n                \n            <\/div>\n                    <div class=\"col-md-12\">\n\n                                    <div class=\"elementskit-blog-block-post\">\n                        <div class=\"row no-gutters\">\n                            \n                            <div class=\"col-md-12 order-2\">\n                                <div class=\"elementskit-post-body \">\n                                    <div class=\"elementskit-entry-header\">\n                                        \n                                                                                            \t\t\t\t\t                                            \n                                            \n                                                                                            \t\t\t\t<h2 class=\"entry-title\">\n\t\t\t\t\t<a href=\"https:\/\/propave.ca\/fr\/pave-uni-vs-asphalte-quel-choix-pour-votre-projet-residentiel-a-laval\/\">\n\t\t\t\t\t\tPav\u00e9 uni vs asphalte : quel choix pour votre projet r\u00e9sidentiel \u00e0 Laval ?\t\t\t\t\t<\/a>\n\t\t\t\t<\/h2>\n\t\t\t                                                                                <\/div><!-- .elementskit-entry-header END -->\n\n                                                                            <div class=\"elementskit-post-footer\">\n                                                                                            <p>Vous souhaitez r\u00e9nover votre ext\u00e9rieur ou cr\u00e9er une nouvelle all\u00e9e\u202f? Choisir le pav\u00e9 uni r\u00e9sidentiel \u00e0 Laval est essentiel pour garantir durabilit\u00e9, esth\u00e9tique et facilit\u00e9 d\u2019entretien. Dans ce guide complet, d\u00e9couvrez tous les conseils pour s\u00e9lectionner le meilleur mat\u00e9riau pour votre maison, optimiser votre am\u00e9nagement et valoriser votre propri\u00e9t\u00e9. Types de pav\u00e9 uni r\u00e9sidentiel \u00e0 [&hellip;]<\/p>\n                                                                                                                                <\/div><!-- .elementskit-post-footer END -->\n                                                                    <\/div><!-- .elementskit-post-body END -->\n                            <\/div>\n                        <\/div>\n                    <\/div><!-- .elementskit-blog-block-post .radius .gradient-bg END -->\n                \n            <\/div>\n                    <div class=\"col-md-12\">\n\n                                    <div class=\"elementskit-blog-block-post\">\n                        <div class=\"row no-gutters\">\n                            \n                            <div class=\"col-md-12 order-2\">\n                                <div class=\"elementskit-post-body \">\n                                    <div class=\"elementskit-entry-header\">\n                                        \n                                                                                            \t\t\t\t\t                                            \n                                            \n                                                                                            \t\t\t\t<h2 class=\"entry-title\">\n\t\t\t\t\t<a href=\"https:\/\/propave.ca\/fr\/comment-choisir-le-bon-pave-uni-pour-votre-entree\/\">\n\t\t\t\t\t\tComment choisir le bon pav\u00e9 uni pour votre entr\u00e9e : guide complet\t\t\t\t\t<\/a>\n\t\t\t\t<\/h2>\n\t\t\t                                                                                <\/div><!-- .elementskit-entry-header END -->\n\n                                                                            <div class=\"elementskit-post-footer\">\n                                                                                            <p>Comment choisir le bon pav\u00e9 uni pour votre entr\u00e9e : guide complet L\u2019entr\u00e9e de votre maison est le premier aper\u00e7u de votre propri\u00e9t\u00e9. Choisir le bon pav\u00e9 uni pour votre entr\u00e9e est essentiel pour allier esth\u00e9tique, durabilit\u00e9 et facilit\u00e9 d\u2019entretien. Dans ce guide complet, d\u00e9couvrez comment s\u00e9lectionner le pav\u00e9 uni id\u00e9al, les mat\u00e9riaux disponibles et [&hellip;]<\/p>\n                                                                                                                                <\/div><!-- .elementskit-post-footer END -->\n                                                                    <\/div><!-- .elementskit-post-body END -->\n                            <\/div>\n                        <\/div>\n                    <\/div><!-- .elementskit-blog-block-post .radius .gradient-bg END -->\n                \n            <\/div>\n                <\/div>\n       <\/div>\t\t\t\t<\/div>\n\t\t\t\t\t<\/div>\n\t\t\t\t<\/div>\n\t\t\t\t<\/div>\n\t\t","protected":false},"excerpt":{"rendered":"<p>Blog Conseils, tendances et actualit\u00e9s en am\u00e9nagement ext\u00e9rieur Pav\u00e9 uni vs asphalte : quel choix pour votre projet r\u00e9sidentiel \u00e0 Laval ? Lorsque vous planifiez un am\u00e9nagement ext\u00e9rieur r\u00e9sidentiel \u00e0 Laval, il est essentiel de choisir le bon rev\u00eatement pour votre all\u00e9e, terrasse ou entr\u00e9e de cour. Deux options se d\u00e9marquent : le pav\u00e9 uni [&hellip;]<\/p>\n","protected":false},"author":1,"featured_media":0,"parent":0,"menu_order":0,"comment_status":"closed","ping_status":"closed","template":"","meta":{"footnotes":""},"class_list":["post-164","page","type-page","status-publish","hentry"],"yoast_head":"<!-- This site is optimized with the Yoast SEO plugin v27.2 - https:\/\/yoast.com\/product\/yoast-seo-wordpress\/ -->\n<title>Blog - Pro Pav\u00e9 inc.<\/title>\n<meta name=\"robots\" content=\"index, follow, max-snippet:-1, max-image-preview:large, max-video-preview:-1\" \/>\n<link rel=\"canonical\" href=\"https:\/\/propave.ca\/fr\/blog\/\" \/>\n<meta property=\"og:locale\" content=\"fr_CA\" \/>\n<meta property=\"og:type\" content=\"article\" \/>\n<meta property=\"og:title\" content=\"Blog - Pro Pav\u00e9 inc.\" \/>\n<meta property=\"og:description\" content=\"Blog Conseils, tendances et actualit\u00e9s en am\u00e9nagement ext\u00e9rieur Pav\u00e9 uni vs asphalte : quel choix pour votre projet r\u00e9sidentiel \u00e0 Laval ? Lorsque vous planifiez un am\u00e9nagement ext\u00e9rieur r\u00e9sidentiel \u00e0 Laval, il est essentiel de choisir le bon rev\u00eatement pour votre all\u00e9e, terrasse ou entr\u00e9e de cour. Deux options se d\u00e9marquent : le pav\u00e9 uni [&hellip;]\" \/>\n<meta property=\"og:url\" content=\"https:\/\/propave.ca\/fr\/blog\/\" \/>\n<meta property=\"og:site_name\" content=\"Pro Pav\u00e9 inc.\" \/>\n<meta property=\"article:publisher\" content=\"https:\/\/www.facebook.com\/propave.ca\/\" \/>\n<meta property=\"article:modified_time\" content=\"2026-03-26T15:53:33+00:00\" \/>\n<meta name=\"twitter:card\" content=\"summary_large_image\" \/>\n<meta name=\"twitter:site\" content=\"@Propave_ca\" \/>\n<meta name=\"twitter:label1\" content=\"Estimation du temps de lecture\" \/>\n\t<meta name=\"twitter:data1\" content=\"2 minutes\" \/>\n<script type=\"application\/ld+json\" class=\"yoast-schema-graph\">{\"@context\":\"https:\/\/schema.org\",\"@graph\":[{\"@type\":\"WebPage\",\"@id\":\"https:\/\/propave.ca\/blog\/\",\"url\":\"https:\/\/propave.ca\/blog\/\",\"name\":\"Blog - Pro Pav\u00e9 inc.\",\"isPartOf\":{\"@id\":\"https:\/\/propave.ca\/#website\"},\"datePublished\":\"2026-02-13T22:54:09+00:00\",\"dateModified\":\"2026-03-26T15:53:33+00:00\",\"breadcrumb\":{\"@id\":\"https:\/\/propave.ca\/blog\/#breadcrumb\"},\"inLanguage\":\"fr-CA\",\"potentialAction\":[{\"@type\":\"ReadAction\",\"target\":[\"https:\/\/propave.ca\/blog\/\"]}]},{\"@type\":\"BreadcrumbList\",\"@id\":\"https:\/\/propave.ca\/blog\/#breadcrumb\",\"itemListElement\":[{\"@type\":\"ListItem\",\"position\":1,\"name\":\"Home\",\"item\":\"https:\/\/propave.ca\/fr\/\"},{\"@type\":\"ListItem\",\"position\":2,\"name\":\"Blog\"}]},{\"@type\":\"WebSite\",\"@id\":\"https:\/\/propave.ca\/#website\",\"url\":\"https:\/\/propave.ca\/\",\"name\":\"Pro Pav\u00e9 inc.\",\"description\":\"LES EXPERTS DU PAV\u00c9 UNI \u00c0 LAVAL\",\"publisher\":{\"@id\":\"https:\/\/propave.ca\/#organization\"},\"potentialAction\":[{\"@type\":\"SearchAction\",\"target\":{\"@type\":\"EntryPoint\",\"urlTemplate\":\"https:\/\/propave.ca\/?s={search_term_string}\"},\"query-input\":{\"@type\":\"PropertyValueSpecification\",\"valueRequired\":true,\"valueName\":\"search_term_string\"}}],\"inLanguage\":\"fr-CA\"},{\"@type\":\"Organization\",\"@id\":\"https:\/\/propave.ca\/#organization\",\"name\":\"Pro Pav\u00e9 inc.\",\"url\":\"https:\/\/propave.ca\/\",\"logo\":{\"@type\":\"ImageObject\",\"inLanguage\":\"fr-CA\",\"@id\":\"https:\/\/propave.ca\/#\/schema\/logo\/image\/\",\"url\":\"https:\/\/propave.ca\/wp-content\/uploads\/2026\/02\/LOGO-1.png\",\"contentUrl\":\"https:\/\/propave.ca\/wp-content\/uploads\/2026\/02\/LOGO-1.png\",\"width\":816,\"height\":304,\"caption\":\"Pro Pav\u00e9 inc.\"},\"image\":{\"@id\":\"https:\/\/propave.ca\/#\/schema\/logo\/image\/\"},\"sameAs\":[\"https:\/\/www.facebook.com\/propave.ca\/\",\"https:\/\/x.com\/Propave_ca\",\"https:\/\/www.youtube.com\/@propaveinc\",\"https:\/\/www.instagram.com\/propave.ca\"]}]}<\/script>\n<!-- \/ Yoast SEO plugin. -->","yoast_head_json":{"title":"Blog - Pro Pav\u00e9 inc.","robots":{"index":"index","follow":"follow","max-snippet":"max-snippet:-1","max-image-preview":"max-image-preview:large","max-video-preview":"max-video-preview:-1"},"canonical":"https:\/\/propave.ca\/fr\/blog\/","og_locale":"fr_CA","og_type":"article","og_title":"Blog - Pro Pav\u00e9 inc.","og_description":"Blog Conseils, tendances et actualit\u00e9s en am\u00e9nagement ext\u00e9rieur Pav\u00e9 uni vs asphalte : quel choix pour votre projet r\u00e9sidentiel \u00e0 Laval ? Lorsque vous planifiez un am\u00e9nagement ext\u00e9rieur r\u00e9sidentiel \u00e0 Laval, il est essentiel de choisir le bon rev\u00eatement pour votre all\u00e9e, terrasse ou entr\u00e9e de cour. Deux options se d\u00e9marquent : le pav\u00e9 uni [&hellip;]","og_url":"https:\/\/propave.ca\/fr\/blog\/","og_site_name":"Pro Pav\u00e9 inc.","article_publisher":"https:\/\/www.facebook.com\/propave.ca\/","article_modified_time":"2026-03-26T15:53:33+00:00","twitter_card":"summary_large_image","twitter_site":"@Propave_ca","twitter_misc":{"Estimation du temps de lecture":"2 minutes"},"schema":{"@context":"https:\/\/schema.org","@graph":[{"@type":"WebPage","@id":"https:\/\/propave.ca\/blog\/","url":"https:\/\/propave.ca\/blog\/","name":"Blog - Pro Pav\u00e9 inc.","isPartOf":{"@id":"https:\/\/propave.ca\/#website"},"datePublished":"2026-02-13T22:54:09+00:00","dateModified":"2026-03-26T15:53:33+00:00","breadcrumb":{"@id":"https:\/\/propave.ca\/blog\/#breadcrumb"},"inLanguage":"fr-CA","potentialAction":[{"@type":"ReadAction","target":["https:\/\/propave.ca\/blog\/"]}]},{"@type":"BreadcrumbList","@id":"https:\/\/propave.ca\/blog\/#breadcrumb","itemListElement":[{"@type":"ListItem","position":1,"name":"Home","item":"https:\/\/propave.ca\/fr\/"},{"@type":"ListItem","position":2,"name":"Blog"}]},{"@type":"WebSite","@id":"https:\/\/propave.ca\/#website","url":"https:\/\/propave.ca\/","name":"Pro Pav\u00e9 inc.","description":"LES EXPERTS DU PAV\u00c9 UNI \u00c0 LAVAL","publisher":{"@id":"https:\/\/propave.ca\/#organization"},"potentialAction":[{"@type":"SearchAction","target":{"@type":"EntryPoint","urlTemplate":"https:\/\/propave.ca\/?s={search_term_string}"},"query-input":{"@type":"PropertyValueSpecification","valueRequired":true,"valueName":"search_term_string"}}],"inLanguage":"fr-CA"},{"@type":"Organization","@id":"https:\/\/propave.ca\/#organization","name":"Pro Pav\u00e9 inc.","url":"https:\/\/propave.ca\/","logo":{"@type":"ImageObject","inLanguage":"fr-CA","@id":"https:\/\/propave.ca\/#\/schema\/logo\/image\/","url":"https:\/\/propave.ca\/wp-content\/uploads\/2026\/02\/LOGO-1.png","contentUrl":"https:\/\/propave.ca\/wp-content\/uploads\/2026\/02\/LOGO-1.png","width":816,"height":304,"caption":"Pro Pav\u00e9 inc."},"image":{"@id":"https:\/\/propave.ca\/#\/schema\/logo\/image\/"},"sameAs":["https:\/\/www.facebook.com\/propave.ca\/","https:\/\/x.com\/Propave_ca","https:\/\/www.youtube.com\/@propaveinc","https:\/\/www.instagram.com\/propave.ca"]}]}},"_hostinger_reach_plugin_has_subscription_block":false,"_hostinger_reach_plugin_is_elementor":false,"_links":{"self":[{"href":"https:\/\/propave.ca\/fr\/wp-json\/wp\/v2\/pages\/164","targetHints":{"allow":["GET"]}}],"collection":[{"href":"https:\/\/propave.ca\/fr\/wp-json\/wp\/v2\/pages"}],"about":[{"href":"https:\/\/propave.ca\/fr\/wp-json\/wp\/v2\/types\/page"}],"author":[{"embeddable":true,"href":"https:\/\/propave.ca\/fr\/wp-json\/wp\/v2\/users\/1"}],"replies":[{"embeddable":true,"href":"https:\/\/propave.ca\/fr\/wp-json\/wp\/v2\/comments?post=164"}],"version-history":[{"count":28,"href":"https:\/\/propave.ca\/fr\/wp-json\/wp\/v2\/pages\/164\/revisions"}],"predecessor-version":[{"id":608,"href":"https:\/\/propave.ca\/fr\/wp-json\/wp\/v2\/pages\/164\/revisions\/608"}],"wp:attachment":[{"href":"https:\/\/propave.ca\/fr\/wp-json\/wp\/v2\/media?parent=164"}],"curies":[{"name":"wp","href":"https:\/\/api.w.org\/{rel}","templated":true}]}}